{"id":282,"date":"2016-05-25T10:11:34","date_gmt":"2016-05-25T10:11:34","guid":{"rendered":"https:\/\/www.ecrealsys.org\/nl\/?page_id=282"},"modified":"2016-06-06T14:41:03","modified_gmt":"2016-06-06T14:41:03","slug":"nawoord","status":"publish","type":"page","link":"https:\/\/www.ecrealsys.org\/nl\/nawoord\/","title":{"rendered":"Nawoord"},"content":{"rendered":"<div class=\" swc_p_0\"><p><span style=\"color: #339966;\">\u00a0\u00a0<\/span><\/p><h1 style=\"text-align: center; padding-left: 30px;\"><span style=\"color: #339966;\">\u00a0\u00a0<\/span>\u00a0 Nawoord \u2013 Het ERS is meer dan alleen\u00a0UOM<\/h1><p>&nbsp;<\/p><p><strong>Het ERM luik van het ERS brengt nog meer inzicht<\/strong><\/p><p>&nbsp;<\/p><p>De analyse van de maatschappelijke ontwikkeling over een voldoende lang tijdperk, het onderkennen van de gelaagdheid van het maatschappelijke bestel, de vaststelling van de essenti\u00eble functies van elke economische entiteit, en de keuze om de beschrijving \/ de schematische weergave van dat bestel niet te laten uitgaan van een ideologie maar van de inventarisatie van alle stromen die zich in dat bestel voordoen heeft in eerste instantie geleid tot de opstelling van het universeel ondernemingsmodel (UOM). De tekst op deze website is een ingekorte weergave ervan.<\/p><p><span style=\"color: #000000;\">\u00a0<\/span><\/p><p>\u00a0<strong>Het UOM is een algemeen geldig micro-economisch model waarbij alle mogelijke types en soorten economische entiteiten die men courant in de dagelijkse omgangstaal onderscheidt herleid worden tot variaties op \u00e9\u00e9n enkel basisconcept. Het UOM is het micro-economische luik van het economische realiteit systeem (ERS).<\/strong><\/p><p><span style=\"color: #000000;\">\u00a0\u00a0\u00a0<\/span><\/p><p>\u00a0Het reflecteren over de ontwikkeling van samenlevingen heeft ook geleid tot het inzicht dat, noch het individuele streven naar vooruitgang alleen, noch de solidariteit binnen een groep behorend tot hetzelfde \u2018huis\u2019 alleen, de verdienste kunnen opeisen van <strong>het hoge welvaart- en welzijnsniveau dat bereikt is in de huidige hoogtechnologische samenlevingen.<\/strong> Het is slechts door ze complementair en in een dynamisch evenwicht te laten functioneren dat een dergelijk hoog niveau bereikt is kunnen worden. <strong>Tegelijk is echter een grote en nog steeds groeiende ongelijkheid ontstaan binnen de samenlevingen<\/strong>, \u00e9n is duidelijk geworden dat <strong>de ecologische basis<\/strong> waarop alles stoelt <strong>gebruikt is op een niets ontziende manier<\/strong> waardoor het begin van blijvende ontwrichting is ingezet.<\/p><p><span style=\"color: #000000;\">\u00a0\u00a0\u00a0<\/span><\/p><p>\u00a0Voor de <strong>ecologische destructie<\/strong> is de discussie nog niet uitgewoed over wie de zwaarste schuld daarin treft en wie welke stappen moet ondernemen om het tij te keren. <strong>Dat alle economische spelers er een inspanning voor zullen moeten leveren is al duidelijk af te lezen uit het UOM want elke economische entiteit maakt gebruik van stromen uit de natuur en zadelt die op met afvalstromen;<\/strong> dat ze het gezamenlijk en in overleg zullen moeten doen volgt uit het feit dat het maatschappelijke bestel \u00e9\u00e9n groot kluwen is en dat doorschuiven van het probleem van \u00e9\u00e9n soort knooppunten in dat web naar een andere categorie niets oplost.\u00a0<\/p><p><span style=\"color: #000000;\">\u00a0 <\/span><\/p><p>\u00a0<strong><em>Het ecologische deficit is h\u00e9t probleem waaraan bij voorrang moet worden gewerkt want als de sokkel inzakt maakt het niet uit hoe goed of hoe schoon het monument is dat erop staat.<\/em><\/strong><\/p><p><span style=\"color: #000000;\">\u00a0\u00a0\u00a0<\/span><\/p><p>\u00a0<strong>Het andere probleem van de steeds grotere ongelijkheid<\/strong> is ontstaan uit het feit dat het evenwicht\u00a0 tussen individueel streven en solidariteit binnen de groep uit controle is geraakt door zwak en onvooruitziend optreden van de politieke machthebbers aan het hoofd van verschillende \u2018huizen\u2019. Ze hebben hun macht en controle uit handen gegeven door het gemak dat de op winst gefocuste (grote) economische entiteiten hen voorgespiegeld hebben om hun middelen voor de solidariteitsopdrachten te verwerven.\u00a0<\/p><p>&nbsp;<\/p><p><span style=\"color: #000000;\"><strong><em>Dat de politieke machthebbers zich, om dat tij te keren, niet mogen blijven blindstaren op alleen in geld uitgedrukte vooruitgang (winst) maar zich moeten gaan concentreren op het stoppen van de huidige ontsporende financi\u00eble stromen en streven naar een bestel waarin de zo gelijkmatig mogelijke doorstroming van goederen, diensten, en geld over alle gezinshuishoudingen de voorrang krijgt wordt verduidelijkt in het macro-economische luik van het economische realiteit systeem (ERS). \u00a0<\/em><\/strong>\u00a0 <\/span><\/p><p>&nbsp;<\/p><p><span style=\"color: #000000;\">Dat luik, met als naam economische realiteit model (ERM), geeft ook weer op basis van dezelfde stromen als in het UOM het totaalbeeld van een bestel op het niveau van een overkoepelend \u2018huis\u2019. In die set van stromenschema\u2019s is duidelijk het gevaar te zien dat het ontsporen van de geldlaag, die als een appelsienschil om de fysieke economie heen zit, leidt tot een situatie waarbij de schil de vrucht loslaat en zowel schil als vrucht er aan ten onder gaan. \u00a0\u00a0\u00a0<\/span><\/p><p>&nbsp;<\/p><p><span style=\"color: #000000;\">\u00a0Een korte versie van het ERM-luik is op deze website niet te lezen omdat het, mede door de uitgebreide set schema\u2019s, te omvangrijk is om langs deze weg te verspreiden. Ik hoop dat met het UOM gedeelte uw interesse gewekt is voor het perspectief dat de stromenbenadering biedt.\u00a0 <\/span><\/p><p>\u00a0<span style=\"color: #000000;\">\u00a0 <\/span><\/p><p>&nbsp;<\/p><div class=\"swc_asset swc_asset_swifty_button swc_asset_on\" data-asset_type=\"swifty_button\" style=\"width: 33%; margin-top: 5px; margin-bottom: 5px; margin-left: 10px; margin-right: 0px; float: right; \"  id=\"c1777386726_548441894\" ><div class=\"swc_asset_cntnt\" style=\"padding: 0px 0px 0px 0px; \" ><form action=\"https:\/\/www.ecrealsys.org\/contact\" method=\"post\" target=\"_self\" )>\n    <input type=\"submit\" value=\"Volgende bladzijde: Contact\" style=\"width: 100%; background:#51818c; \" \/>\n<\/form><\/div><\/div><p>&nbsp;<\/p><p>&nbsp;<\/p><\/div>","protected":false},"excerpt":{"rendered":"<p>\u00a0\u00a0\u00a0\u00a0\u00a0 Nawoord \u2013 Het ERS is meer dan alleen\u00a0UOM&nbsp;Het ERM luik van het ERS brengt nog meer inzicht&nbsp;De analyse van de maatschappelijke ontwikkeling over een voldoende lang tijdperk, het onderkennen van de gelaagdheid van het maatschappelijke bestel, de vaststelling van de essenti\u00eble functies van elke economische entiteit, en de keuze om de beschrijving \/ de [&hellip;]<\/p>\n","protected":false},"author":1,"featured_media":0,"parent":0,"menu_order":28,"comment_status":"closed","ping_status":"open","template":"","meta":{"footnotes":""},"class_list":["post-282","page","type-page","status-publish","hentry"],"_links":{"self":[{"href":"https:\/\/www.ecrealsys.org\/nl\/wp-json\/wp\/v2\/pages\/282","targetHints":{"allow":["GET"]}}],"collection":[{"href":"https:\/\/www.ecrealsys.org\/nl\/wp-json\/wp\/v2\/pages"}],"about":[{"href":"https:\/\/www.ecrealsys.org\/nl\/wp-json\/wp\/v2\/types\/page"}],"author":[{"embeddable":true,"href":"https:\/\/www.ecrealsys.org\/nl\/wp-json\/wp\/v2\/users\/1"}],"replies":[{"embeddable":true,"href":"https:\/\/www.ecrealsys.org\/nl\/wp-json\/wp\/v2\/comments?post=282"}],"version-history":[{"count":2,"href":"https:\/\/www.ecrealsys.org\/nl\/wp-json\/wp\/v2\/pages\/282\/revisions"}],"predecessor-version":[{"id":315,"href":"https:\/\/www.ecrealsys.org\/nl\/wp-json\/wp\/v2\/pages\/282\/revisions\/315"}],"wp:attachment":[{"href":"https:\/\/www.ecrealsys.org\/nl\/wp-json\/wp\/v2\/media?parent=282"}],"curies":[{"name":"wp","href":"https:\/\/api.w.org\/{rel}","templated":true}]}}